{"id":89,"date":"2022-05-01T12:12:25","date_gmt":"2022-05-01T12:12:25","guid":{"rendered":"http:\/\/prepforapp.com\/?page_id=89"},"modified":"2022-07-11T14:55:21","modified_gmt":"2022-07-11T14:55:21","slug":"impressum","status":"publish","type":"page","link":"https:\/\/prepforapp.com\/en\/impressum","title":{"rendered":"Impressum"},"content":{"rendered":"<p><b>&#8218;PREP for APP&#8216; ist ein Projekt des &#8222;Verein Contemporary Circus in \u00d6sterreich&#8220; (VCC\u00d6)<\/b><\/p>\n<b>Location<br \/>\n<\/b>Circus-Trainings-Centrum Salzburg<b><br \/>\n<\/b>Eichstrasse 50a<br \/>\n5020 Salzburg<br \/>\n\u00d6sterreich\n<strong>e-mail:<\/strong> &#105;n&#x66;o&#x40;p&#x72;e&#x70;f&#x6f;r&#x61;&#112;&#x70;&#46;&#x63;&#111;&#x6d;<br \/>\n<strong>web:\u00a0<\/strong>www.preppforapp.com\n<p><strong>ZVR-Zahl:<\/strong> 729553698<\/p>\n<strong>project management:<br \/>\n<\/strong>Heidrun Neumayer<br \/>\nCarmen Raffaela K\u00fcster\n<strong>Managing Director VCC\u00d6:<\/strong><br \/>\nDipl. Ing. Wilfried Haertl\n<strong>place of jurisdiction:<\/strong><br \/>\nregional court of Salzburg\n<p>&nbsp;<\/p>\n<p>&nbsp;<\/p>","protected":false},"excerpt":{"rendered":"<p>&#8218;PREP for APP&#8216; ist ein Projekt des &#8222;Verein Contemporary Circus in \u00d6sterreich&#8220; (VCC\u00d6) Sitz: Circus-Trainings-Centrum Salzburg Eichstrasse 50a 5020 Salzburg \u00d6sterreich e-mail: &#x69;&#x6e;&#102;&#111;&#64;&#x70;&#x72;&#x65;&#112;&#102;o&#x72;&#x61;&#x70;&#112;&#46;c&#x6f;&#x6d; web:\u00a0www.preppforapp.com ZVR-Zahl: 729553698 Projektleitung: Heidrun Neumayer Carmen Raffaela K\u00fcster Gesch\u00e4ftsf\u00fchrer VCC\u00d6: Dipl. Ing. Wilfried Haertl Gerichtsstand: Landesgericht Salzburg &nbsp; &nbsp;<\/p>","protected":false},"author":2,"featured_media":0,"parent":0,"menu_order":0,"comment_status":"closed","ping_status":"closed","template":"","meta":{"footnotes":""},"class_list":["post-89","page","type-page","status-publish","hentry"],"_links":{"self":[{"href":"https:\/\/prepforapp.com\/en\/wp-json\/wp\/v2\/pages\/89","targetHints":{"allow":["GET"]}}],"collection":[{"href":"https:\/\/prepforapp.com\/en\/wp-json\/wp\/v2\/pages"}],"about":[{"href":"https:\/\/prepforapp.com\/en\/wp-json\/wp\/v2\/types\/page"}],"author":[{"embeddable":true,"href":"https:\/\/prepforapp.com\/en\/wp-json\/wp\/v2\/users\/2"}],"replies":[{"embeddable":true,"href":"https:\/\/prepforapp.com\/en\/wp-json\/wp\/v2\/comments?post=89"}],"version-history":[{"count":12,"href":"https:\/\/prepforapp.com\/en\/wp-json\/wp\/v2\/pages\/89\/revisions"}],"predecessor-version":[{"id":584,"href":"https:\/\/prepforapp.com\/en\/wp-json\/wp\/v2\/pages\/89\/revisions\/584"}],"wp:attachment":[{"href":"https:\/\/prepforapp.com\/en\/wp-json\/wp\/v2\/media?parent=89"}],"curies":[{"name":"wp","href":"https:\/\/api.w.org\/{rel}","templated":true}]}}