{"id":87,"date":"2022-05-01T12:12:14","date_gmt":"2022-05-01T12:12:14","guid":{"rendered":"http:\/\/prepforapp.com\/?page_id=87"},"modified":"2022-06-13T16:57:02","modified_gmt":"2022-06-13T16:57:02","slug":"dsgvo","status":"publish","type":"page","link":"https:\/\/prepforapp.com\/en\/dsgvo","title":{"rendered":"DSGVO"},"content":{"rendered":"<p><b>Privacy<\/b>&nbsp;<\/p>\n<p>The personal data are provided by the data subjects themselves, whereby they expressly consent to their processing for the respective purpose. This consent can be revoked at any time. Data is only stored for as long as it is required for the purpose of processing and as long as statutory provisions require it. After that, they will be irrevocably deleted.&nbsp;&nbsp;<\/p>\n<p>Participants can obtain information about their personal data at <a href=\"\/en\/m&\/#97;&#105;&#x6c;&#x74;&#x6f;:&#105;&#110;&#x66;&#x6f;&#x40;pr&#101;&#x70;&#x66;&#x6f;ra&#112;&#112;&#x2e;&#x63;&#x6f;m\">&#x69;&#x6e;&#x66;&#x6f;&#x40;&#x70;&#x72;&#x65;&#112;&#102;&#111;&#114;&#97;&#112;&#112;&#46;com<\/a>&nbsp;&nbsp;<\/p>","protected":false},"excerpt":{"rendered":"<p>Datenschutz&nbsp; Die personenbezogenen Daten werden von den Betroffenen selbst bereitgestellt, wobei sie zu deren Verarbeitung f\u00fcr den jeweiligen Zweck ausdr\u00fccklich einwilligen. Diese Einwilligung kann jederzeit widerrufen werden. Daten werden nur so lange, wie sie f\u00fcr den Zweck der Verarbeitung ben\u00f6tigt werden und solange es gesetzliche Bestimmungen vorschreiben, gespeichert. Danach werden [&hellip;]<\/p>\n","protected":false},"author":2,"featured_media":0,"parent":0,"menu_order":0,"comment_status":"closed","ping_status":"closed","template":"","meta":{"footnotes":""},"class_list":["post-87","page","type-page","status-publish","hentry"],"_links":{"self":[{"href":"https:\/\/prepforapp.com\/en\/wp-json\/wp\/v2\/pages\/87","targetHints":{"allow":["GET"]}}],"collection":[{"href":"https:\/\/prepforapp.com\/en\/wp-json\/wp\/v2\/pages"}],"about":[{"href":"https:\/\/prepforapp.com\/en\/wp-json\/wp\/v2\/types\/page"}],"author":[{"embeddable":true,"href":"https:\/\/prepforapp.com\/en\/wp-json\/wp\/v2\/users\/2"}],"replies":[{"embeddable":true,"href":"https:\/\/prepforapp.com\/en\/wp-json\/wp\/v2\/comments?post=87"}],"version-history":[{"count":4,"href":"https:\/\/prepforapp.com\/en\/wp-json\/wp\/v2\/pages\/87\/revisions"}],"predecessor-version":[{"id":490,"href":"https:\/\/prepforapp.com\/en\/wp-json\/wp\/v2\/pages\/87\/revisions\/490"}],"wp:attachment":[{"href":"https:\/\/prepforapp.com\/en\/wp-json\/wp\/v2\/media?parent=87"}],"curies":[{"name":"wp","href":"https:\/\/api.w.org\/{rel}","templated":true}]}}