{"id":301,"date":"2022-05-30T16:39:53","date_gmt":"2022-05-30T16:39:53","guid":{"rendered":"http:\/\/prepforapp.com\/?page_id=301"},"modified":"2022-07-11T14:50:34","modified_gmt":"2022-07-11T14:50:34","slug":"team","status":"publish","type":"page","link":"https:\/\/prepforapp.com\/en\/team","title":{"rendered":"Team"},"content":{"rendered":"<p><strong>ORGANISATION &amp; HOSTS<\/strong><\/p>\n<p>Heidrun Neumayer and Carmen Raffaela K\u00fcster are the project managers behind the conception and implementation of the program. Together with their partners of the associations MOTA (Motorik, Tanz, Artistik), VCC\u00d6 (Verein Contemporary Circus in \u00d6sterreich) and the CTC-Salzburg, they can provide well equipped training rooms, a strong network and an experienced organizational team.<\/p>\n\t\t\t\t<img loading=\"lazy\" decoding=\"async\" src=\"https:\/\/prepforapp.com\/wp-content\/uploads\/2022\/05\/carmen_portrait_bw-e1653422873971.jpg\" alt=\"carmen_portrait_bw\" itemprop=\"image\" height=\"724\" width=\"986\" title=\"carmen_portrait_bw\" onerror=\"this.style.display='none'\"  \/>\n\t<p><strong>CARMEN RAFFAELA K\u00dcSTER<\/strong><\/p>\n<p>Having grown up in the Peperoni youth circus in Heidelberg, Carmen became a professional circus performer and choreographer after detours via art and design studies. She has been creating and touring her own acts and stage plays for over 11 years. In 2019 she completed her Masters in Choreography at Fontys &amp; Codarts (NL). Specializing in aerial acrobatics, Carmen is happy to pass on her knowledge in workshops, master classes and, among other things, as a MOTA guest coach.<\/p>\n\t\t\t\t<img decoding=\"async\" src=\"https:\/\/prepforapp.com\/wp-content\/uploads\/2022\/05\/Heidi_Portrait.jpg\" alt=\"Heidi_Portrait\" itemprop=\"image\" title=\"Heidi_Portrait\" onerror=\"this.style.display='none'\"  \/>\n\t<p><strong>HEIDRUN NEUMAYER<\/strong><\/p>\n<p>Choreographer, dancer, artiste, MOTA coach, costume designer. Also artistic director of the association MOTA. After many years of touring and project experience with various companies, she has been back in Salzburg since 2014 and is significantly involved in building up the local young artists. She is a MOTA coach for dance, partner acrobatics, improvisation, handstands and creation.<\/p>\n\t\t\t\t<img loading=\"lazy\" decoding=\"async\" src=\"https:\/\/prepforapp.com\/wp-content\/uploads\/2022\/06\/Prep_Foto_Beme_sw.jpg\" alt=\"Prep_Foto_Beme_sw\" itemprop=\"image\" height=\"523\" width=\"483\" title=\"Prep_Foto_Beme_sw\" onerror=\"this.style.display='none'\"  \/>\n\t<p><strong>WOLFGANG &#8222;BEME&#8220; NEUMAYER<\/strong><\/p>\n<p>Founding member and chairman of the Circus Association Motorik-Tanz-Artistik (MOTA) and one of the initiators of the CTC Salzburg. Lecturer at the Sport University Salzburg. With the background experience as Austrian sports director and longstanding coach for competitive gymnastics at an international level, he is a MOTA coach for conditioning, physical preparation, basics, floor acro, handstands, trampoline, trampoline track.<\/p>\n\n\t\t\t\t<img decoding=\"async\" src=\"https:\/\/prepforapp.com\/wp-content\/uploads\/2022\/06\/Prep_Foto_Bruni_SW-e1654161368922.png\" alt=\"Prep_Foto_Bruni_SW\" itemprop=\"image\" title=\"Prep_Foto_Bruni_SW\" onerror=\"this.style.display='none'\"  \/>\n\t<p><strong>BRUNHILDE &#8222;BRUNI&#8220; NEUMAYER<\/strong><\/p>\n<p>Founding member and educational director of the Circus Association Motorik-Tanz-Artistik (MOTA). With a background in social pedagogy, inclusive dance and many years of experience as a trainer for rhythmic gymnastics at an international level, she is a MOTA coach for high level flexibility, prea-acrobatics, bodywork, basics in juggling, balance, trapeze, cloth, acrobatics, unicycle .<\/p>","protected":false},"excerpt":{"rendered":"<p>ORGANISATION &amp; GASTGEBER Hinter der Konzeption und Durchf\u00fchrung des Programmes stehen die Projekt- Leiterinnen Heidrun Neumayer &amp; Carmen Raffaela K\u00fcster, die gemeinsam mit den Kooperationspartner*innen der Vereine Motorik, Tanz, Artistik (MOTA), Verein Contemporary Circus in \u00d6sterreich (VCC\u00d6), und dem CTC- Salzburg auf professionell ausgestattete Trainingsr\u00e4ume, ein starkes Netzwerk und ein [&hellip;]<\/p>\n","protected":false},"author":2,"featured_media":0,"parent":0,"menu_order":0,"comment_status":"closed","ping_status":"closed","template":"","meta":{"footnotes":""},"class_list":["post-301","page","type-page","status-publish","hentry"],"_links":{"self":[{"href":"https:\/\/prepforapp.com\/en\/wp-json\/wp\/v2\/pages\/301","targetHints":{"allow":["GET"]}}],"collection":[{"href":"https:\/\/prepforapp.com\/en\/wp-json\/wp\/v2\/pages"}],"about":[{"href":"https:\/\/prepforapp.com\/en\/wp-json\/wp\/v2\/types\/page"}],"author":[{"embeddable":true,"href":"https:\/\/prepforapp.com\/en\/wp-json\/wp\/v2\/users\/2"}],"replies":[{"embeddable":true,"href":"https:\/\/prepforapp.com\/en\/wp-json\/wp\/v2\/comments?post=301"}],"version-history":[{"count":16,"href":"https:\/\/prepforapp.com\/en\/wp-json\/wp\/v2\/pages\/301\/revisions"}],"predecessor-version":[{"id":582,"href":"https:\/\/prepforapp.com\/en\/wp-json\/wp\/v2\/pages\/301\/revisions\/582"}],"wp:attachment":[{"href":"https:\/\/prepforapp.com\/en\/wp-json\/wp\/v2\/media?parent=301"}],"curies":[{"name":"wp","href":"https:\/\/api.w.org\/{rel}","templated":true}]}}