{"id":138,"date":"2022-05-01T12:55:30","date_gmt":"2022-05-01T12:55:30","guid":{"rendered":"http:\/\/prepforapp.com\/?page_id=138"},"modified":"2022-06-12T18:00:38","modified_gmt":"2022-06-12T18:00:38","slug":"trainee-plus","status":"publish","type":"page","link":"https:\/\/prepforapp.com\/en\/trainee-plus","title":{"rendered":"Trainee Plus"},"content":{"rendered":"<p><b>TRAINEE PLUS MODULE: (in addition to the basic online and trainee module)<\/b>\u00a0<\/p>\n<p>Das TRAINEE PLUS MODUL bietet Dir den gr\u00f6\u00dften Umfang an intensiver physischer Vorbereitung und Training. \u00dcber die gesamten 5 Monate des \u201ePREP for APP&#8220; Programms kannst du 4 Tage die Woche mit unseren internationalen Gastlehrern sowie dem permanenten Trainerteam angeleitet trainieren. Zus\u00e4tzlich dazu sind die CTC-Salzburg R\u00e4umlichkeiten 7 Tage die Woche zug\u00e4nglich und stehen Dir f\u00fcr dein individuelles Training bzw., deine Vorbereitung zur Verf\u00fcgung.\u00a0<\/p>\n<p><b>Important Note<\/b>for this module you live for one semester\/ 5 months in Salzburg. <strong>We do not provide accommodation for this.<\/strong><strong>\u00a0<\/strong><\/p>\n<b><br \/>\nLanguage of instruction: <\/b>English\/ German (depending on internationality of the participants)\u00a0\n<br \/>\n<strong>In the Trainee Plus Module you get:<\/strong>\u00a0\n<ul>\n<li>10\/12 hours of guided training per week<\/li>\n<li>additional workshops and training as part of the MOTA Intensive Group\u00a0<\/li>\n<li>International guest teachers\u00a0<\/li>\n<li>daily access to the CTC Salzburg for your free and individual training<\/li>\n<li>use of all CTC Salzburg facilities<\/li>\n<\/ul>","protected":false},"excerpt":{"rendered":"<p>TRAINEE PLUS MODUL: (on top zum\u00a0Basis Online und Trainee Modul)\u00a0 Das TRAINEE PLUS MODUL bietet Dir den gr\u00f6\u00dften Umfang an intensiver physischer Vorbereitung und Training. \u00dcber die gesamten 5 Monate des \u201ePREP for APP&#8220; Programms kannst du 4 Tage die Woche mit unseren internationalen Gastlehrern sowie dem permanenten Trainerteam angeleitet [&hellip;]<\/p>\n","protected":false},"author":2,"featured_media":257,"parent":0,"menu_order":0,"comment_status":"closed","ping_status":"closed","template":"","meta":{"footnotes":""},"class_list":["post-138","page","type-page","status-publish","has-post-thumbnail","hentry"],"_links":{"self":[{"href":"https:\/\/prepforapp.com\/en\/wp-json\/wp\/v2\/pages\/138","targetHints":{"allow":["GET"]}}],"collection":[{"href":"https:\/\/prepforapp.com\/en\/wp-json\/wp\/v2\/pages"}],"about":[{"href":"https:\/\/prepforapp.com\/en\/wp-json\/wp\/v2\/types\/page"}],"author":[{"embeddable":true,"href":"https:\/\/prepforapp.com\/en\/wp-json\/wp\/v2\/users\/2"}],"replies":[{"embeddable":true,"href":"https:\/\/prepforapp.com\/en\/wp-json\/wp\/v2\/comments?post=138"}],"version-history":[{"count":6,"href":"https:\/\/prepforapp.com\/en\/wp-json\/wp\/v2\/pages\/138\/revisions"}],"predecessor-version":[{"id":464,"href":"https:\/\/prepforapp.com\/en\/wp-json\/wp\/v2\/pages\/138\/revisions\/464"}],"wp:featuredmedia":[{"embeddable":true,"href":"https:\/\/prepforapp.com\/en\/wp-json\/wp\/v2\/media\/257"}],"wp:attachment":[{"href":"https:\/\/prepforapp.com\/en\/wp-json\/wp\/v2\/media?parent=138"}],"curies":[{"name":"wp","href":"https:\/\/api.w.org\/{rel}","templated":true}]}}