{"id":136,"date":"2022-05-01T12:55:14","date_gmt":"2022-05-01T12:55:14","guid":{"rendered":"http:\/\/prepforapp.com\/?page_id=136"},"modified":"2022-09-09T08:17:57","modified_gmt":"2022-09-09T08:17:57","slug":"trainee-modul","status":"publish","type":"page","link":"https:\/\/prepforapp.com\/en\/trainee-modul","title":{"rendered":"TRAINEE MODULE"},"content":{"rendered":"<b>TRAINEE MODULE: (in addition to the basic online module)<\/b><br \/>\n\n<p>Im TRAINEE MODUL erwarten dich gezielte physische Vorbereitungen und k\u00fcnstlerisches Einzelcoaching &#8211; LIVE und &#8218;on top&#8216; zu den Online-Einheiten, werden wir im Trainee Modul physisch ans Eingemachte gehen. Vor Ort &#8211; im top-ausgestatteten Circus-Trainings-Centrum (CTC -Salzburg), werden wir in 3 intensiven Live-Bl\u00f6cken an der k\u00f6rperlichen Fitness arbeiten. Durch Check-ups, diverse Intensiv-Workshops und 1:1 Coaching bekommst du \u00dcberblick zu deinen Fortschritten und detaillierteres Feedback und Tipps, um spezifisch auf die physischen Anforderungen bei den Aufnahmepr\u00fcfungen an den Schulen hinzuarbeiten.\u00a0<\/p>\n<p><b>Important Note<\/b>this module takes place on 3 extended weekend dates at intervals of 6 to 8 weeks at the CTC Salzburg. You are responsible for your own travel and meals. We can offer you accommodation in the CTC-Salzburg at no additional cost and access to a kitchen.\u00a0<\/p>\n<p>&nbsp;<\/p>\n<p><strong>Dates: \u00a0 <\/strong><\/p>\nauf Nachfrage per E-Mail (i&#110;&#x66;&#x6f;&#64;&#112;&#114;&#x65;&#x70;f&#111;&#114;&#x61;&#x70;p&#46;&#x63;&#x6f;&#x6d;).<strong><br \/>\n<\/strong>\n<p>&nbsp;<\/p>\n<p><b>Language of instruction: <\/b>Englisch\/ Deutsch (je nach Nationalit\u00e4t der TeilnehmerInnen &#8211; min. 8 Teilnehmer)<\/p>\n<p>&nbsp;<\/p>\n<p><strong>The Trainee Module includes the following aspects:<\/strong><\/p>\n<ul>\n<li><b>PHYSICAL PREPARATION<\/b>: Status checks &amp; training of strength, flexibility and endurance, specifically designed for the entrance exams<\/li>\n<\/ul>\n<ul>\n<li><b>WORKSHOPS <\/b>circus technique &amp; performance skills:<br \/>\nACTING<br \/>\nDANCE<br \/>\nHANDSTAND<br \/>\nFLOOR ACROBATICS<br \/>\nTRAMPOLINE<br \/>\nSOLO DISCIPLINE\u00a0<\/li>\n<\/ul>\n<ul>\n<li><b>CHOREOGRAPHY SPECIALISATION<\/b>: individual artistic support for creating your speciality act for the application, 1:1 mentoring, in one-to-one discussions you will find out exactly where you want to go and how you can get there most efficiently.\u00a0<\/li>\n<\/ul>\n<br \/>\n\u00a0","protected":false},"excerpt":{"rendered":"<p>TRAINEE MODUL: (on top zum Basis Online Modul) Im TRAINEE MODUL erwarten dich gezielte physische Vorbereitungen und k\u00fcnstlerisches Einzelcoaching &#8211; LIVE und &#8218;on top&#8216; zu den Online-Einheiten, werden wir im Trainee Modul physisch ans Eingemachte gehen. Vor Ort &#8211; im top-ausgestatteten Circus-Trainings-Centrum (CTC -Salzburg), werden wir in 3 intensiven Live-Bl\u00f6cken [&hellip;]<\/p>\n","protected":false},"author":2,"featured_media":0,"parent":0,"menu_order":0,"comment_status":"closed","ping_status":"closed","template":"","meta":{"footnotes":""},"class_list":["post-136","page","type-page","status-publish","hentry"],"_links":{"self":[{"href":"https:\/\/prepforapp.com\/en\/wp-json\/wp\/v2\/pages\/136","targetHints":{"allow":["GET"]}}],"collection":[{"href":"https:\/\/prepforapp.com\/en\/wp-json\/wp\/v2\/pages"}],"about":[{"href":"https:\/\/prepforapp.com\/en\/wp-json\/wp\/v2\/types\/page"}],"author":[{"embeddable":true,"href":"https:\/\/prepforapp.com\/en\/wp-json\/wp\/v2\/users\/2"}],"replies":[{"embeddable":true,"href":"https:\/\/prepforapp.com\/en\/wp-json\/wp\/v2\/comments?post=136"}],"version-history":[{"count":14,"href":"https:\/\/prepforapp.com\/en\/wp-json\/wp\/v2\/pages\/136\/revisions"}],"predecessor-version":[{"id":592,"href":"https:\/\/prepforapp.com\/en\/wp-json\/wp\/v2\/pages\/136\/revisions\/592"}],"wp:attachment":[{"href":"https:\/\/prepforapp.com\/en\/wp-json\/wp\/v2\/media?parent=136"}],"curies":[{"name":"wp","href":"https:\/\/api.w.org\/{rel}","templated":true}]}}