{"id":105,"date":"2022-05-01T12:20:27","date_gmt":"2022-05-01T12:20:27","guid":{"rendered":"http:\/\/prepforapp.com\/?page_id=105"},"modified":"2022-09-09T08:24:28","modified_gmt":"2022-09-09T08:24:28","slug":"programm","status":"publish","type":"page","link":"https:\/\/prepforapp.com\/en\/programm","title":{"rendered":"Program"},"content":{"rendered":"<p><strong>MODULAR SYSTEM<\/strong><\/p>\n<p class=\"translation-block\">The mentoring programme is constructed so that we create the basics for a successful application together \u2013 through the obligatory BASIC ONLINE MODULE. Of course we cannot guarantee that you will be accepted at a professional school. But we will make sure you maximise your chances and that you can cope with the complex application requirements. We give you a general overview of the specific requirements, orientations and the level, which is now quite high at most international schools.<\/p>\n<a href=\"https:\/\/prepforapp.com\/en\/basic-online\/\"><b>BASIC ONLINE MODULE<\/b><\/a><br \/>\nThis obligatory module offers general information about the different training systems and individual support for preparing and developing the most important documents, videos and application requirements for applying to professional circus schools. \u00a0\n<b><a href=\"https:\/\/prepforapp.com\/en\/trainee-modul\/\">TRAINEE MODULE<\/a><\/b><br \/>\nDieses Modul erm\u00f6glicht eine noch spezifischere, individuelle Betreuung\u00a0vor Ort und pers\u00f6nlich. F\u00fcr 3 Intensivbl\u00f6cke kommst Du in unser Circus-Trainings-Centrum nach Salzburg. Hier erwarten dich diverse Check-ups, verschiedene Intensivworkshops und 1:1 Coaching.\u00a0\n<b><a href=\"https:\/\/prepforapp.com\/en\/trainee-plus\/\">TRAINEE PLUS MODULE<\/a><\/b><br \/>\nDamit m\u00f6chten wir den vollen Umfang an intensiver Vorbereitung und Training anbieten. Hier hast du die M\u00f6glichkeit w\u00e4hrend der gesamten 5 Monate des &#8222;PREP for APP&#8220; Programms, gemeinsam mit jungen ArtistInnen von MOTA und internationalen Gastlehrern, zu trainieren und dich vorzubereiten.\u00a0","protected":false},"excerpt":{"rendered":"<p>MODULARES SYSTEM Das Mentoringprogramm ist so aufgebaut, dass wir gemeinsam &#8211; durch das obligatorische BASIS ONLINE MODUL die Grundlagen f\u00fcr eine jede erfolgreiche Bewerbung erarbeiten. Nat\u00fcrlich k\u00f6nnen wir nicht garantieren, dass Du genommen wirst, aber wir stellen sicher, dass Du dich mit den komplexen Anforderungen zurecht findest. Wir geben Dir [&hellip;]<\/p>\n","protected":false},"author":2,"featured_media":0,"parent":0,"menu_order":0,"comment_status":"closed","ping_status":"closed","template":"","meta":{"footnotes":""},"class_list":["post-105","page","type-page","status-publish","hentry"],"_links":{"self":[{"href":"https:\/\/prepforapp.com\/en\/wp-json\/wp\/v2\/pages\/105","targetHints":{"allow":["GET"]}}],"collection":[{"href":"https:\/\/prepforapp.com\/en\/wp-json\/wp\/v2\/pages"}],"about":[{"href":"https:\/\/prepforapp.com\/en\/wp-json\/wp\/v2\/types\/page"}],"author":[{"embeddable":true,"href":"https:\/\/prepforapp.com\/en\/wp-json\/wp\/v2\/users\/2"}],"replies":[{"embeddable":true,"href":"https:\/\/prepforapp.com\/en\/wp-json\/wp\/v2\/comments?post=105"}],"version-history":[{"count":26,"href":"https:\/\/prepforapp.com\/en\/wp-json\/wp\/v2\/pages\/105\/revisions"}],"predecessor-version":[{"id":594,"href":"https:\/\/prepforapp.com\/en\/wp-json\/wp\/v2\/pages\/105\/revisions\/594"}],"wp:attachment":[{"href":"https:\/\/prepforapp.com\/en\/wp-json\/wp\/v2\/media?parent=105"}],"curies":[{"name":"wp","href":"https:\/\/api.w.org\/{rel}","templated":true}]}}