{"id":103,"date":"2022-05-01T12:19:53","date_gmt":"2022-05-01T12:19:53","guid":{"rendered":"http:\/\/prepforapp.com\/?page_id=103"},"modified":"2022-07-11T14:49:09","modified_gmt":"2022-07-11T14:49:09","slug":"about","status":"publish","type":"page","link":"https:\/\/prepforapp.com\/en\/about","title":{"rendered":"About"},"content":{"rendered":"<p><strong>MISSION<\/strong><\/p>\n<p>Curriculum vitae, interview, letter of motivation, various technical and creative videos as well as proof of previous experience in the circus sector, etc. are just some of the things that are required in the preliminary rounds of the evaluation.\u00a0<\/p>\n<p>This is where we come in with our mentoring program and offer of targeted support.\u00a0\u00a0<\/p>\n<p>In the form of lectures, tasks, group exchange, personal feedback and individual mentoring in theory and practice, participants receive tools and assistance from pedagogically trained, competent trainers, choreographers and professional artists.\u00a0\u00a0\u00a0<\/p>\n<p>Ziel ist es, am Ende unseres Programms alles in der Hand zu haben, was f\u00fcr die Bewerbungen ben\u00f6tigt wird &#8211; fit zu sein f\u00fcr die physischen Tests und alle Dokumente, einschlie\u00dflich CV, Motivationsschreiben, Videos, etc. beisammen zu haben, f\u00fcr gr\u00f6\u00dftm\u00f6gliche Chancen einer erfolgreichen Aufnahme an einer Circusschule.\u00a0<\/p>\n<p>\u00a0<\/p>\n<p><strong>BACKGROUND &amp; MOTIVATION<\/strong><\/p>\n<p>The international competition to enter a professional circus school is enormous nowadays and the application process demands a lot from interested circus-students.\u00a0 \u00a0<\/p>\n<p>Die Teilnehmer*innen sehen sich mit vielerlei Fragen konfrontiert, wie zum Beispiel:\u00a0 &#8218;Welche Circusschulen gibt es wo?&#8216;, &#8218;Bei welcher Schule m\u00f6chte ich mich bewerben?&#8216;, &#8218;Welche Ausbildung passt zu mir?&#8216;, &#8218;Wie bereite ich mich effizient auf die Aufnahmepr\u00fcfung vor?&#8216;, &#8218;Was genau wird verlangt und als Minimum vorausgesetzt?&#8216;, diese und viele weitere Fragen k\u00f6nnen in ihrer Vielzahl und Komplexit\u00e4t oft nicht ohne Weiteres im Alleingang bew\u00e4ltigt werden. Insbesondere wenn man unter Umst\u00e4nden keinen Anschluss und Zugang zu professionellem Know-How und Trainingsm\u00f6glichkeiten hat.\u00a0<\/p>\n<p>Since the opening of the CTC-Salzburg, young people from Austria and other countries have prepared themselves for the entrance exams at professional circus schools and have been successfully admitted to international schools.\u00a0<\/p>\n<p>Demand and need for feedback and active support in the preparation phase has often existed and, until now, has been supported by guest teachers, MOTA coaches and professionals training at the CTC-Salzburg in their free time. \nIf you ask around at meetings and festivals, there seems to be a great need for support in this area on an international level.\u00a0<\/p>\n<p>Um m\u00f6glichst vielen Interessierten Zugang zu &#8218;PREP for APP&#8216; zu gew\u00e4hren, findet der Basis- Teil im Online- Format statt. Gerade in Gebieten mit wenig Anbindung an die professionelle Szene, k\u00f6nnen internationale Anw\u00e4rter*innen so, auch ohne weite Anreisen, Informationen und Hilfestellungen f\u00fcr die eigene Vorbereitung bekommen.\u00a0<\/p>\n\t<p><strong>PARTNERS<\/strong><\/p>\n<p>Heidrun Neumayer and Carmen Raffaela K\u00fcster are the project managers behind the conception and implementation of the program. Together with their partners of the associations MOTA (Motorik, Tanz, Artistik), VCC\u00d6 (Verein Contemporary Circus in \u00d6sterreich) and the CTC-Salzburg, they can provide well equipped training rooms, a strong network and an experienced organizational team.<\/p>\n\t\t\t\t<a href=\"https:\/\/www.ctc-salzburg.at\/\" target=\"_self\" itemprop=\"url\" rel=\"noopener\">\n\t\t\t\t<img loading=\"lazy\" decoding=\"async\" src=\"https:\/\/prepforapp.com\/wp-content\/uploads\/2022\/05\/CTC-LOGO.png\" alt=\"CTC LOGO\" itemprop=\"image\" height=\"338\" width=\"442\" title=\"CTC LOGO\" onerror=\"this.style.display='none'\"  \/>\n\t\t\t\t<\/a>\n\t\t\t\t<a href=\"https:\/\/circusschule.jimdo.com\/\" target=\"_self\" itemprop=\"url\" rel=\"noopener\">\n\t\t\t\t<img loading=\"lazy\" decoding=\"async\" src=\"https:\/\/prepforapp.com\/wp-content\/uploads\/2022\/07\/Logo_VCCOE_4c-1.jpg\" alt=\"Logo_VCCOE_4c\" itemprop=\"image\" height=\"624\" width=\"885\" title=\"Logo_VCCOE_4c\" onerror=\"this.style.display='none'\"  \/>\n\t\t\t\t<\/a>\n\t\t\t\t<a href=\"https:\/\/www.mota-sbg.at\/\" target=\"_self\" itemprop=\"url\" rel=\"noopener\">\n\t\t\t\t<img loading=\"lazy\" decoding=\"async\" src=\"https:\/\/prepforapp.com\/wp-content\/uploads\/2022\/05\/MOTA_LOGO.png\" alt=\"MOTA_LOGO\" itemprop=\"image\" height=\"464\" width=\"460\" title=\"MOTA_LOGO\" onerror=\"this.style.display='none'\"  \/>\n\t\t\t\t<\/a>\n\t<p><strong>CREDITS<\/strong><\/p>\n<strong>Karoline Just: <\/strong>Photography<strong><br \/>\n<\/strong><a href=\"https:\/\/www.kreis-bild.com\/\">https:\/\/www.kreis-bild.com\/<\/a>\n<p><strong>Michael M\u00fchlbauer: <\/strong>technical support<\/p>\n<p><strong>Ortwin Neumayer: <\/strong>grafics &amp; layout<\/p>\n<p>&nbsp;<\/p>","protected":false},"excerpt":{"rendered":"<p>MISSION Lebenslauf, Bewerbungsgespr\u00e4ch, Motivationsschreiben, div. technische und kreative Videos sowie Nachweise von Vorerfahrungen im Circusbereich, etc. sind nur einige der Dinge, die schon in den Vorrunden der Evaluierungen verlangt werden.\u00a0 Hier setzen wir mit unserem Mentoring- Programm an und bieten gezielte Unterst\u00fctzung.\u00a0\u00a0 In Form von Vortr\u00e4gen, Aufgabenstellungen, Gruppenaustausch, pers\u00f6nlichem Feedback [&hellip;]<\/p>\n","protected":false},"author":2,"featured_media":0,"parent":0,"menu_order":0,"comment_status":"closed","ping_status":"closed","template":"","meta":{"footnotes":""},"class_list":["post-103","page","type-page","status-publish","hentry"],"_links":{"self":[{"href":"https:\/\/prepforapp.com\/en\/wp-json\/wp\/v2\/pages\/103","targetHints":{"allow":["GET"]}}],"collection":[{"href":"https:\/\/prepforapp.com\/en\/wp-json\/wp\/v2\/pages"}],"about":[{"href":"https:\/\/prepforapp.com\/en\/wp-json\/wp\/v2\/types\/page"}],"author":[{"embeddable":true,"href":"https:\/\/prepforapp.com\/en\/wp-json\/wp\/v2\/users\/2"}],"replies":[{"embeddable":true,"href":"https:\/\/prepforapp.com\/en\/wp-json\/wp\/v2\/comments?post=103"}],"version-history":[{"count":46,"href":"https:\/\/prepforapp.com\/en\/wp-json\/wp\/v2\/pages\/103\/revisions"}],"predecessor-version":[{"id":581,"href":"https:\/\/prepforapp.com\/en\/wp-json\/wp\/v2\/pages\/103\/revisions\/581"}],"wp:attachment":[{"href":"https:\/\/prepforapp.com\/en\/wp-json\/wp\/v2\/media?parent=103"}],"curies":[{"name":"wp","href":"https:\/\/api.w.org\/{rel}","templated":true}]}}